{"id":9,"date":"2019-07-23T20:40:09","date_gmt":"2019-07-23T20:40:09","guid":{"rendered":"http:\/\/big.bo\/?page_id=9"},"modified":"2019-07-23T21:07:33","modified_gmt":"2019-07-23T21:07:33","slug":"about","status":"publish","type":"page","link":"https:\/\/big.bo\/index.php\/about\/","title":{"rendered":"\u00bfQui\u00e9nes somos?"},"content":{"rendered":"<p>Nuestra empresa forma parte del grupo Perbol, trabajamos con productos de calidad en diferentes marcas, especialmente art\u00edculos de ferreter\u00eda y de sujeci\u00f3n<\/p>\n","protected":false},"excerpt":{"rendered":"<p>Nuestra empresa forma parte del grupo Perbol, trabajamos con productos de calidad en diferentes marcas, especialmente art\u00edculos de ferreter\u00eda y de sujeci\u00f3n<\/p>\n","protected":false},"author":1,"featured_media":41,"parent":0,"menu_order":0,"comment_status":"closed","ping_status":"closed","template":"","meta":[],"_links":{"self":[{"href":"https:\/\/big.bo\/index.php\/wp-json\/wp\/v2\/pages\/9"}],"collection":[{"href":"https:\/\/big.bo\/index.php\/wp-json\/wp\/v2\/pages"}],"about":[{"href":"https:\/\/big.bo\/index.php\/wp-json\/wp\/v2\/types\/page"}],"author":[{"embeddable":true,"href":"https:\/\/big.bo\/index.php\/wp-json\/wp\/v2\/users\/1"}],"replies":[{"embeddable":true,"href":"https:\/\/big.bo\/index.php\/wp-json\/wp\/v2\/comments?post=9"}],"version-history":[{"count":2,"href":"https:\/\/big.bo\/index.php\/wp-json\/wp\/v2\/pages\/9\/revisions"}],"predecessor-version":[{"id":33,"href":"https:\/\/big.bo\/index.php\/wp-json\/wp\/v2\/pages\/9\/revisions\/33"}],"wp:featuredmedia":[{"embeddable":true,"href":"https:\/\/big.bo\/index.php\/wp-json\/wp\/v2\/media\/41"}],"wp:attachment":[{"href":"https:\/\/big.bo\/index.php\/wp-json\/wp\/v2\/media?parent=9"}],"curies":[{"name":"wp","href":"https:\/\/api.w.org\/{rel}","templated":true}]}}